{"id":7808154,"date":"2024-04-04T14:36:25","date_gmt":"2024-04-04T14:36:25","guid":{"rendered":"https:\/\/nunspeetuitdekunst.nl\/?page_id=7808154"},"modified":"2024-04-04T14:37:10","modified_gmt":"2024-04-04T14:37:10","slug":"militaerstuetzpunkt-oldebroek","status":"publish","type":"page","link":"https:\/\/nunspeetuitdekunst.nl\/de\/entdecken\/geschichte\/militaerstuetzpunkt-oldebroek\/","title":{"rendered":"Legerplaats Oldebroek"},"content":{"rendered":"","protected":false},"excerpt":{"rendered":"","protected":false},"author":1,"featured_media":4752255,"parent":4759572,"menu_order":0,"comment_status":"closed","ping_status":"closed","template":"","meta":{"_acf_changed":false,"inline_featured_image":false,"footnotes":""},"class_list":["post-7808154","page","type-page","status-publish","has-post-thumbnail","hentry"],"acf":[],"yoast_head":"<!-- This site is optimized with the Yoast SEO plugin v27.1.1 - https:\/\/yoast.com\/product\/yoast-seo-wordpress\/ -->\n<title>Milit\u00e4rst\u00fctzpunkt Oldebroek<\/title>\n<meta name=\"description\" content=\"Die ersten belgischen Fl\u00fcchtlinge wurden in den leeren Baracken des Armeelagers Oldebroek aufgenommen. Sp\u00e4ter kamen sie unter anderem nach Nunspeet.\" \/>\n<meta name=\"robots\" content=\"index, follow, max-snippet:-1, max-image-preview:large, max-video-preview:-1\" \/>\n<link rel=\"canonical\" href=\"https:\/\/nunspeetuitdekunst.nl\/de\/entdecken\/geschichte\/militaerstuetzpunkt-oldebroek\/\" \/>\n<meta property=\"og:locale\" content=\"de_DE\" \/>\n<meta property=\"og:type\" content=\"article\" \/>\n<meta property=\"og:title\" content=\"Milit\u00e4rst\u00fctzpunkt Oldebroek\" \/>\n<meta property=\"og:description\" content=\"Die ersten belgischen Fl\u00fcchtlinge wurden in den leeren Baracken des Armeelagers Oldebroek aufgenommen. Sp\u00e4ter kamen sie unter anderem nach Nunspeet.\" \/>\n<meta property=\"og:url\" content=\"https:\/\/nunspeetuitdekunst.nl\/de\/entdecken\/geschichte\/militaerstuetzpunkt-oldebroek\/\" \/>\n<meta property=\"og:site_name\" content=\"Nunspeet uit de Kunst\" \/>\n<meta property=\"article:publisher\" content=\"https:\/\/www.facebook.com\/vvvnunspeetuitdekunst\/\" \/>\n<meta property=\"article:modified_time\" content=\"2024-04-04T14:37:10+00:00\" \/>\n<meta property=\"og:image\" content=\"https:\/\/nunspeetuitdekunst.nl\/wp-content\/uploads\/2020\/06\/Kamp-oldebroek-uitgelicht.jpg\" \/>\n\t<meta property=\"og:image:width\" content=\"749\" \/>\n\t<meta property=\"og:image:height\" content=\"449\" \/>\n\t<meta property=\"og:image:type\" content=\"image\/jpeg\" \/>\n<meta name=\"twitter:card\" content=\"summary_large_image\" \/>\n<meta name=\"twitter:site\" content=\"@vvvnunspeet\" \/>\n<script type=\"application\/ld+json\" class=\"yoast-schema-graph\">{\"@context\":\"https:\/\/schema.org\",\"@graph\":[{\"@type\":\"WebPage\",\"@id\":\"https:\/\/nunspeetuitdekunst.nl\/de\/entdecken\/geschichte\/militaerstuetzpunkt-oldebroek\/\",\"url\":\"https:\/\/nunspeetuitdekunst.nl\/de\/entdecken\/geschichte\/militaerstuetzpunkt-oldebroek\/\",\"name\":\"Milit\u00e4rst\u00fctzpunkt Oldebroek\",\"isPartOf\":{\"@id\":\"https:\/\/nunspeetuitdekunst.nl\/de\/#website\"},\"primaryImageOfPage\":{\"@id\":\"https:\/\/nunspeetuitdekunst.nl\/de\/entdecken\/geschichte\/militaerstuetzpunkt-oldebroek\/#primaryimage\"},\"image\":{\"@id\":\"https:\/\/nunspeetuitdekunst.nl\/de\/entdecken\/geschichte\/militaerstuetzpunkt-oldebroek\/#primaryimage\"},\"thumbnailUrl\":\"https:\/\/nunspeetuitdekunst.nl\/wp-content\/uploads\/2020\/06\/Kamp-oldebroek-uitgelicht.jpg\",\"datePublished\":\"2024-04-04T14:36:25+00:00\",\"dateModified\":\"2024-04-04T14:37:10+00:00\",\"description\":\"Die ersten belgischen Fl\u00fcchtlinge wurden in den leeren Baracken des Armeelagers Oldebroek aufgenommen. Sp\u00e4ter kamen sie unter anderem nach Nunspeet.\",\"breadcrumb\":{\"@id\":\"https:\/\/nunspeetuitdekunst.nl\/de\/entdecken\/geschichte\/militaerstuetzpunkt-oldebroek\/#breadcrumb\"},\"inLanguage\":\"de\",\"potentialAction\":[{\"@type\":\"ReadAction\",\"target\":[\"https:\/\/nunspeetuitdekunst.nl\/de\/entdecken\/geschichte\/militaerstuetzpunkt-oldebroek\/\"]}]},{\"@type\":\"ImageObject\",\"inLanguage\":\"de\",\"@id\":\"https:\/\/nunspeetuitdekunst.nl\/de\/entdecken\/geschichte\/militaerstuetzpunkt-oldebroek\/#primaryimage\",\"url\":\"https:\/\/nunspeetuitdekunst.nl\/wp-content\/uploads\/2020\/06\/Kamp-oldebroek-uitgelicht.jpg\",\"contentUrl\":\"https:\/\/nunspeetuitdekunst.nl\/wp-content\/uploads\/2020\/06\/Kamp-oldebroek-uitgelicht.jpg\",\"width\":749,\"height\":449},{\"@type\":\"BreadcrumbList\",\"@id\":\"https:\/\/nunspeetuitdekunst.nl\/de\/entdecken\/geschichte\/militaerstuetzpunkt-oldebroek\/#breadcrumb\",\"itemListElement\":[{\"@type\":\"ListItem\",\"position\":1,\"name\":\"Home\",\"item\":\"https:\/\/nunspeetuitdekunst.nl\/de\/\"},{\"@type\":\"ListItem\",\"position\":2,\"name\":\"Entdecken\",\"item\":\"https:\/\/nunspeetuitdekunst.nl\/de\/ontdek\/\"},{\"@type\":\"ListItem\",\"position\":3,\"name\":\"Geschiedenis\",\"item\":\"https:\/\/nunspeetuitdekunst.nl\/de\/ontdek\/geschiedenis\/\"},{\"@type\":\"ListItem\",\"position\":4,\"name\":\"Legerplaats Oldebroek\"}]},{\"@type\":\"WebSite\",\"@id\":\"https:\/\/nunspeetuitdekunst.nl\/de\/#website\",\"url\":\"https:\/\/nunspeetuitdekunst.nl\/de\/\",\"name\":\"Nunspeet uit de Kunst\",\"description\":\"\",\"publisher\":{\"@id\":\"https:\/\/nunspeetuitdekunst.nl\/de\/#organization\"},\"potentialAction\":[{\"@type\":\"SearchAction\",\"target\":{\"@type\":\"EntryPoint\",\"urlTemplate\":\"https:\/\/nunspeetuitdekunst.nl\/de\/?s={search_term_string}\"},\"query-input\":{\"@type\":\"PropertyValueSpecification\",\"valueRequired\":true,\"valueName\":\"search_term_string\"}}],\"inLanguage\":\"de\"},{\"@type\":\"Organization\",\"@id\":\"https:\/\/nunspeetuitdekunst.nl\/de\/#organization\",\"name\":\"Nunspeet uit de Kunst\",\"url\":\"https:\/\/nunspeetuitdekunst.nl\/de\/\",\"logo\":{\"@type\":\"ImageObject\",\"inLanguage\":\"de\",\"@id\":\"https:\/\/nunspeetuitdekunst.nl\/de\/#\/schema\/logo\/image\/\",\"url\":\"https:\/\/nunspeetuitdekunst.nl\/wp-content\/uploads\/2016\/05\/160405-Kunstenaarsdorp-facebook2-kopie.jpg\",\"contentUrl\":\"https:\/\/nunspeetuitdekunst.nl\/wp-content\/uploads\/2016\/05\/160405-Kunstenaarsdorp-facebook2-kopie.jpg\",\"width\":300,\"height\":300,\"caption\":\"Nunspeet uit de Kunst\"},\"image\":{\"@id\":\"https:\/\/nunspeetuitdekunst.nl\/de\/#\/schema\/logo\/image\/\"},\"sameAs\":[\"https:\/\/www.facebook.com\/vvvnunspeetuitdekunst\/\",\"https:\/\/x.com\/vvvnunspeet\"]}]}<\/script>\n<!-- \/ Yoast SEO plugin. -->","yoast_head_json":{"title":"Milit\u00e4rst\u00fctzpunkt Oldebroek","description":"Die ersten belgischen Fl\u00fcchtlinge wurden in den leeren Baracken des Armeelagers Oldebroek aufgenommen. Sp\u00e4ter kamen sie unter anderem nach Nunspeet.","robots":{"index":"index","follow":"follow","max-snippet":"max-snippet:-1","max-image-preview":"max-image-preview:large","max-video-preview":"max-video-preview:-1"},"canonical":"https:\/\/nunspeetuitdekunst.nl\/de\/entdecken\/geschichte\/militaerstuetzpunkt-oldebroek\/","og_locale":"de_DE","og_type":"article","og_title":"Milit\u00e4rst\u00fctzpunkt Oldebroek","og_description":"Die ersten belgischen Fl\u00fcchtlinge wurden in den leeren Baracken des Armeelagers Oldebroek aufgenommen. Sp\u00e4ter kamen sie unter anderem nach Nunspeet.","og_url":"https:\/\/nunspeetuitdekunst.nl\/de\/entdecken\/geschichte\/militaerstuetzpunkt-oldebroek\/","og_site_name":"Nunspeet uit de Kunst","article_publisher":"https:\/\/www.facebook.com\/vvvnunspeetuitdekunst\/","article_modified_time":"2024-04-04T14:37:10+00:00","og_image":[{"width":749,"height":449,"url":"https:\/\/nunspeetuitdekunst.nl\/wp-content\/uploads\/2020\/06\/Kamp-oldebroek-uitgelicht.jpg","type":"image\/jpeg"}],"twitter_card":"summary_large_image","twitter_site":"@vvvnunspeet","schema":{"@context":"https:\/\/schema.org","@graph":[{"@type":"WebPage","@id":"https:\/\/nunspeetuitdekunst.nl\/de\/entdecken\/geschichte\/militaerstuetzpunkt-oldebroek\/","url":"https:\/\/nunspeetuitdekunst.nl\/de\/entdecken\/geschichte\/militaerstuetzpunkt-oldebroek\/","name":"Milit\u00e4rst\u00fctzpunkt Oldebroek","isPartOf":{"@id":"https:\/\/nunspeetuitdekunst.nl\/de\/#website"},"primaryImageOfPage":{"@id":"https:\/\/nunspeetuitdekunst.nl\/de\/entdecken\/geschichte\/militaerstuetzpunkt-oldebroek\/#primaryimage"},"image":{"@id":"https:\/\/nunspeetuitdekunst.nl\/de\/entdecken\/geschichte\/militaerstuetzpunkt-oldebroek\/#primaryimage"},"thumbnailUrl":"https:\/\/nunspeetuitdekunst.nl\/wp-content\/uploads\/2020\/06\/Kamp-oldebroek-uitgelicht.jpg","datePublished":"2024-04-04T14:36:25+00:00","dateModified":"2024-04-04T14:37:10+00:00","description":"Die ersten belgischen Fl\u00fcchtlinge wurden in den leeren Baracken des Armeelagers Oldebroek aufgenommen. Sp\u00e4ter kamen sie unter anderem nach Nunspeet.","breadcrumb":{"@id":"https:\/\/nunspeetuitdekunst.nl\/de\/entdecken\/geschichte\/militaerstuetzpunkt-oldebroek\/#breadcrumb"},"inLanguage":"de","potentialAction":[{"@type":"ReadAction","target":["https:\/\/nunspeetuitdekunst.nl\/de\/entdecken\/geschichte\/militaerstuetzpunkt-oldebroek\/"]}]},{"@type":"ImageObject","inLanguage":"de","@id":"https:\/\/nunspeetuitdekunst.nl\/de\/entdecken\/geschichte\/militaerstuetzpunkt-oldebroek\/#primaryimage","url":"https:\/\/nunspeetuitdekunst.nl\/wp-content\/uploads\/2020\/06\/Kamp-oldebroek-uitgelicht.jpg","contentUrl":"https:\/\/nunspeetuitdekunst.nl\/wp-content\/uploads\/2020\/06\/Kamp-oldebroek-uitgelicht.jpg","width":749,"height":449},{"@type":"BreadcrumbList","@id":"https:\/\/nunspeetuitdekunst.nl\/de\/entdecken\/geschichte\/militaerstuetzpunkt-oldebroek\/#breadcrumb","itemListElement":[{"@type":"ListItem","position":1,"name":"Home","item":"https:\/\/nunspeetuitdekunst.nl\/de\/"},{"@type":"ListItem","position":2,"name":"Entdecken","item":"https:\/\/nunspeetuitdekunst.nl\/de\/ontdek\/"},{"@type":"ListItem","position":3,"name":"Geschiedenis","item":"https:\/\/nunspeetuitdekunst.nl\/de\/ontdek\/geschiedenis\/"},{"@type":"ListItem","position":4,"name":"Legerplaats Oldebroek"}]},{"@type":"WebSite","@id":"https:\/\/nunspeetuitdekunst.nl\/de\/#website","url":"https:\/\/nunspeetuitdekunst.nl\/de\/","name":"Nunspeet uit de Kunst","description":"","publisher":{"@id":"https:\/\/nunspeetuitdekunst.nl\/de\/#organization"},"potentialAction":[{"@type":"SearchAction","target":{"@type":"EntryPoint","urlTemplate":"https:\/\/nunspeetuitdekunst.nl\/de\/?s={search_term_string}"},"query-input":{"@type":"PropertyValueSpecification","valueRequired":true,"valueName":"search_term_string"}}],"inLanguage":"de"},{"@type":"Organization","@id":"https:\/\/nunspeetuitdekunst.nl\/de\/#organization","name":"Nunspeet uit de Kunst","url":"https:\/\/nunspeetuitdekunst.nl\/de\/","logo":{"@type":"ImageObject","inLanguage":"de","@id":"https:\/\/nunspeetuitdekunst.nl\/de\/#\/schema\/logo\/image\/","url":"https:\/\/nunspeetuitdekunst.nl\/wp-content\/uploads\/2016\/05\/160405-Kunstenaarsdorp-facebook2-kopie.jpg","contentUrl":"https:\/\/nunspeetuitdekunst.nl\/wp-content\/uploads\/2016\/05\/160405-Kunstenaarsdorp-facebook2-kopie.jpg","width":300,"height":300,"caption":"Nunspeet uit de Kunst"},"image":{"@id":"https:\/\/nunspeetuitdekunst.nl\/de\/#\/schema\/logo\/image\/"},"sameAs":["https:\/\/www.facebook.com\/vvvnunspeetuitdekunst\/","https:\/\/x.com\/vvvnunspeet"]}]}},"jetpack_sharing_enabled":true,"_links":{"self":[{"href":"https:\/\/nunspeetuitdekunst.nl\/de\/wp-json\/wp\/v2\/pages\/7808154","targetHints":{"allow":["GET"]}}],"collection":[{"href":"https:\/\/nunspeetuitdekunst.nl\/de\/wp-json\/wp\/v2\/pages"}],"about":[{"href":"https:\/\/nunspeetuitdekunst.nl\/de\/wp-json\/wp\/v2\/types\/page"}],"author":[{"embeddable":true,"href":"https:\/\/nunspeetuitdekunst.nl\/de\/wp-json\/wp\/v2\/users\/1"}],"replies":[{"embeddable":true,"href":"https:\/\/nunspeetuitdekunst.nl\/de\/wp-json\/wp\/v2\/comments?post=7808154"}],"version-history":[{"count":2,"href":"https:\/\/nunspeetuitdekunst.nl\/de\/wp-json\/wp\/v2\/pages\/7808154\/revisions"}],"predecessor-version":[{"id":7808156,"href":"https:\/\/nunspeetuitdekunst.nl\/de\/wp-json\/wp\/v2\/pages\/7808154\/revisions\/7808156"}],"up":[{"embeddable":true,"href":"https:\/\/nunspeetuitdekunst.nl\/de\/wp-json\/wp\/v2\/pages\/4759572"}],"wp:featuredmedia":[{"embeddable":true,"href":"https:\/\/nunspeetuitdekunst.nl\/de\/wp-json\/wp\/v2\/media\/4752255"}],"wp:attachment":[{"href":"https:\/\/nunspeetuitdekunst.nl\/de\/wp-json\/wp\/v2\/media?parent=7808154"}],"curies":[{"name":"wp","href":"https:\/\/api.w.org\/{rel}","templated":true}]}}